{"id":145,"date":"2024-09-19T04:57:14","date_gmt":"2024-09-19T02:57:14","guid":{"rendered":"https:\/\/phyconesia.ilm.pf\/?post_type=product&#038;p=145"},"modified":"2024-12-05T22:42:29","modified_gmt":"2024-12-05T21:42:29","slug":"bm-ctx-gpol-rik7","status":"publish","type":"product","link":"https:\/\/phyconesia.ilm.pf\/fr\/produit\/bm-ctx-gpol-rik7\/","title":{"rendered":"BM-CTX-Gpol RIK7"},"content":{"rendered":"<p class=\"translation-block\">Extrait m\u00e9thanolique pr\u00e9par\u00e9 \u00e0 partir d\u2019un \u00e9quivalent 30 000 cellules d\u2019une culture hautement toxique de <i>Gambierdiscus polynesiensis<\/i> RIK7, souche isol\u00e9e de l\u2019archipel des Gambier <sup>[1]<\/sup>.<\/p>\n<p class=\"translation-block\">BM-CTX-Gpol RIK7 constitue un mat\u00e9riel de choix pour \u00e9valuer les m\u00e9thodes d\u2019analyse classiquement utilis\u00e9es pour la d\u00e9tection des analogues connus de CTXs dans les cultures de <i>Gambierdiscus<\/i> spp. <sup>[2,3]<\/sup> (e.g. CBA-N2a, RBA, LC-MS\/MS)<\/p>","protected":false},"excerpt":{"rendered":"<p>Origin:\u00a0<i>Gambierdiscus polynesiensis\u00a0<\/i>(dinoflagellate,<\/p>\n<p><em>in vitro<\/em>\u00a0culture)<\/p>","protected":false},"featured_media":146,"comment_status":"open","ping_status":"closed","template":"","meta":{"_acf_changed":false},"product_cat":[26],"product_tag":[],"class_list":{"0":"post-145","1":"product","2":"type-product","3":"status-publish","4":"has-post-thumbnail","6":"product_cat-crude-extracts-of-gambierdiscus-polynesiensis","8":"first","9":"instock","10":"shipping-taxable","11":"purchasable","12":"product-type-simple"},"acf":[],"_links":{"self":[{"href":"https:\/\/phyconesia.ilm.pf\/fr\/wp-json\/wp\/v2\/product\/145","targetHints":{"allow":["GET"]}}],"collection":[{"href":"https:\/\/phyconesia.ilm.pf\/fr\/wp-json\/wp\/v2\/product"}],"about":[{"href":"https:\/\/phyconesia.ilm.pf\/fr\/wp-json\/wp\/v2\/types\/product"}],"replies":[{"embeddable":true,"href":"https:\/\/phyconesia.ilm.pf\/fr\/wp-json\/wp\/v2\/comments?post=145"}],"wp:featuredmedia":[{"embeddable":true,"href":"https:\/\/phyconesia.ilm.pf\/fr\/wp-json\/wp\/v2\/media\/146"}],"wp:attachment":[{"href":"https:\/\/phyconesia.ilm.pf\/fr\/wp-json\/wp\/v2\/media?parent=145"}],"wp:term":[{"taxonomy":"product_cat","embeddable":true,"href":"https:\/\/phyconesia.ilm.pf\/fr\/wp-json\/wp\/v2\/product_cat?post=145"},{"taxonomy":"product_tag","embeddable":true,"href":"https:\/\/phyconesia.ilm.pf\/fr\/wp-json\/wp\/v2\/product_tag?post=145"}],"curies":[{"name":"wp","href":"https:\/\/api.w.org\/{rel}","templated":true}]}}